{"id":8,"date":"2025-10-13T18:18:47","date_gmt":"2025-10-13T18:18:47","guid":{"rendered":"https:\/\/compratumovil.bernat26.es\/?page_id=8"},"modified":"2025-12-02T13:17:22","modified_gmt":"2025-12-02T13:17:22","slug":"home","status":"publish","type":"page","link":"https:\/\/compratumovil.bernat26.es\/","title":{"rendered":"Home"},"content":{"rendered":"\n<h2 class=\"wp-block-heading has-black-color has-text-color has-link-color wp-elements-467a9cf07dccff2ab1f5d2e7c4d2b93d\" style=\"margin-top:var(--wp--preset--spacing--50);margin-bottom:var(--wp--preset--spacing--50)\">\u00bfQu\u00e9 ofrecemos?<\/h2>\n\n\n\n<div class=\"wp-block-uagb-container uagb-block-c614107a alignfull uagb-is-root-container\"><div class=\"uagb-container-inner-blocks-wrap\">\n<div class=\"wp-block-uagb-container uagb-block-ea5f321e\">\n<figure class=\"wp-block-image size-full\"><img loading=\"lazy\" decoding=\"async\" width=\"1000\" height=\"1000\" src=\"https:\/\/compratumovil.bernat26.es\/wp-content\/uploads\/2025\/10\/no_sm.jpg\" alt=\"\" class=\"wp-image-30\" srcset=\"https:\/\/compratumovil.bernat26.es\/wp-content\/uploads\/2025\/10\/no_sm.jpg 1000w, https:\/\/compratumovil.bernat26.es\/wp-content\/uploads\/2025\/10\/no_sm-300x300.jpg 300w, https:\/\/compratumovil.bernat26.es\/wp-content\/uploads\/2025\/10\/no_sm-100x100.jpg 100w, https:\/\/compratumovil.bernat26.es\/wp-content\/uploads\/2025\/10\/no_sm-600x600.jpg 600w, https:\/\/compratumovil.bernat26.es\/wp-content\/uploads\/2025\/10\/no_sm-150x150.jpg 150w, https:\/\/compratumovil.bernat26.es\/wp-content\/uploads\/2025\/10\/no_sm-768x768.jpg 768w\" sizes=\"auto, (max-width: 1000px) 100vw, 1000px\" \/><\/figure>\n\n\n\n<h3 class=\"wp-block-heading has-text-align-center has-black-color has-text-color has-link-color wp-elements-c4612ea37524b95fd3e8a77f20c66fdd\">Cambio de bater\u00edas<\/h3>\n\n\n\n<p class=\"has-black-color has-text-color has-link-color wp-elements-687bb30a5b8c8a1b5650e9be90c4fa9f\">                                                          Si tu m\u00f3vil se descarga r\u00e1pido o se apaga sin motivo, te ayudamos con nuestro servicio de cambio de bater\u00edas. Trabajamos con componentes originales para asegurar un rendimiento \u00f3ptimo y duradero. En pocos minutos, tu tel\u00e9fono volver\u00e1 a tener la autonom\u00eda y eficiencia de siempre.<\/p>\n\n\n\n<div class=\"wp-block-uagb-buttons uagb-buttons__outer-wrap uagb-btn__default-btn uagb-btn-tablet__default-btn uagb-btn-mobile__default-btn uagb-block-89bbd5a8\"><div class=\"uagb-buttons__wrap uagb-buttons-layout-wrap \">\n<div class=\"wp-block-uagb-buttons-child uagb-buttons__outer-wrap uagb-block-4575b60a wp-block-button\"><div class=\"uagb-button__wrapper\"><a class=\"uagb-buttons-repeater wp-block-button__link\" aria-label=\"\" href=\"https:\/\/compratumovil.bernat26.es\/?product=cambio-de-bateria-para-iphone-samsung-xiaomi-y-mas\" rel=\"follow noopener\" target=\"_self\" role=\"button\"><div class=\"uagb-button__link\">Saber m\u00e1s<\/div><\/a><\/div><\/div>\n<\/div><\/div>\n<\/div>\n\n\n\n<div class=\"wp-block-uagb-container uagb-block-2452b52a\">\n<figure class=\"wp-block-image size-full is-resized\"><img loading=\"lazy\" decoding=\"async\" width=\"800\" height=\"400\" src=\"https:\/\/compratumovil.bernat26.es\/wp-content\/uploads\/2025\/10\/precio-cambiar-pantalla-del-movil-2.jpg\" alt=\"\" class=\"wp-image-38\" style=\"object-fit:cover;width:350px;height:367px\" srcset=\"https:\/\/compratumovil.bernat26.es\/wp-content\/uploads\/2025\/10\/precio-cambiar-pantalla-del-movil-2.jpg 800w, https:\/\/compratumovil.bernat26.es\/wp-content\/uploads\/2025\/10\/precio-cambiar-pantalla-del-movil-2-600x300.jpg 600w, https:\/\/compratumovil.bernat26.es\/wp-content\/uploads\/2025\/10\/precio-cambiar-pantalla-del-movil-2-300x150.jpg 300w, https:\/\/compratumovil.bernat26.es\/wp-content\/uploads\/2025\/10\/precio-cambiar-pantalla-del-movil-2-768x384.jpg 768w\" sizes=\"auto, (max-width: 800px) 100vw, 800px\" \/><\/figure>\n\n\n\n<h3 class=\"wp-block-heading has-text-align-center has-black-color has-text-color has-link-color wp-elements-d12548efb7fbc74904d157b133171ce3\">Cambio de pantallas<\/h3>\n\n\n\n<p class=\"has-ast-global-color-6-color has-text-color has-link-color wp-elements-6bc887f0b19501e895da51b845d8c6aa\">Ofrecemos un servicio r\u00e1pido y profesional de cambio de pantallas para todo tipo de m\u00f3viles. Sustituimos pantallas da\u00f1adas, agrietadas o sin respuesta t\u00e1ctil utilizando repuestos de alta calidad. Nuestro equipo t\u00e9cnico garantiza una reparaci\u00f3n precisa para que tu dispositivo quede como nuevo. <\/p>\n\n\n\n<div class=\"wp-block-uagb-buttons uagb-buttons__outer-wrap uagb-btn__default-btn uagb-btn-tablet__default-btn uagb-btn-mobile__default-btn uagb-block-44dd7211\"><div class=\"uagb-buttons__wrap uagb-buttons-layout-wrap \">\n<div class=\"wp-block-uagb-buttons-child uagb-buttons__outer-wrap uagb-block-b8a018db wp-block-button\"><div class=\"uagb-button__wrapper\"><a class=\"uagb-buttons-repeater wp-block-button__link\" aria-label=\"\" href=\"https:\/\/compratumovil.bernat26.es\/?product=cambio-de-pantalla-para-iphone-samsung-xiaomi-y-mas\" rel=\"follow noopener\" target=\"_self\" role=\"button\"><div class=\"uagb-button__link\">Saber m\u00e1s<\/div><\/a><\/div><\/div>\n<\/div><\/div>\n<\/div>\n\n\n\n<div class=\"wp-block-uagb-container uagb-block-fa02bd3b\">\n<figure class=\"wp-block-image size-full\"><img loading=\"lazy\" decoding=\"async\" width=\"1000\" height=\"1000\" src=\"https:\/\/compratumovil.bernat26.es\/wp-content\/uploads\/2025\/10\/s-l1200.jpg\" alt=\"\" class=\"wp-image-41\" srcset=\"https:\/\/compratumovil.bernat26.es\/wp-content\/uploads\/2025\/10\/s-l1200.jpg 1000w, https:\/\/compratumovil.bernat26.es\/wp-content\/uploads\/2025\/10\/s-l1200-300x300.jpg 300w, https:\/\/compratumovil.bernat26.es\/wp-content\/uploads\/2025\/10\/s-l1200-100x100.jpg 100w, https:\/\/compratumovil.bernat26.es\/wp-content\/uploads\/2025\/10\/s-l1200-600x600.jpg 600w, https:\/\/compratumovil.bernat26.es\/wp-content\/uploads\/2025\/10\/s-l1200-150x150.jpg 150w, https:\/\/compratumovil.bernat26.es\/wp-content\/uploads\/2025\/10\/s-l1200-768x768.jpg 768w\" sizes=\"auto, (max-width: 1000px) 100vw, 1000px\" \/><\/figure>\n\n\n\n<h3 class=\"wp-block-heading has-text-align-center has-black-color has-text-color has-link-color wp-elements-a7b6d7272adb83b02e28a510a31407a1\">Venta de m\u00f3viles<\/h3>\n\n\n\n<p class=\"has-black-color has-text-color has-link-color wp-elements-f6601ccfe9e0bf0ecf6ab0bf9df85632\">Disponemos de una amplia selecci\u00f3n de m\u00f3viles nuevos de las principales marcas. Ofrecemos asesoramiento personalizado para ayudarte a elegir el dispositivo que mejor se adapte a tus necesidades y presupuesto. Todos nuestros productos cuentan con garant\u00eda y servicio posventa.<\/p>\n\n\n\n<div class=\"wp-block-uagb-buttons uagb-buttons__outer-wrap uagb-btn__default-btn uagb-btn-tablet__default-btn uagb-btn-mobile__default-btn uagb-block-3cc360b4\"><div class=\"uagb-buttons__wrap uagb-buttons-layout-wrap \">\n<div class=\"wp-block-uagb-buttons-child uagb-buttons__outer-wrap uagb-block-c59a5782 wp-block-button\"><div class=\"uagb-button__wrapper\"><a class=\"uagb-buttons-repeater wp-block-button__link\" aria-label=\"\" href=\"https:\/\/compratumovil.bernat26.es\/?post_type=product\" rel=\"follow noopener\" target=\"_self\" role=\"button\"><div class=\"uagb-button__link\">Saber m\u00e1s<\/div><\/a><\/div><\/div>\n<\/div><\/div>\n<\/div>\n<\/div><\/div>\n\n\n\n<h2 class=\"wp-block-heading has-black-color has-text-color has-link-color wp-elements-42765c16d33e799bbb51d2020dd28561\" style=\"margin-top:var(--wp--preset--spacing--50);margin-bottom:var(--wp--preset--spacing--50)\">\u00bfQui\u00e9nes Somos?<\/h2>\n\n\n\n<div class=\"wp-block-media-text is-stacked-on-mobile has-background\" style=\"background-color:#e8f3ff;grid-template-columns:33% auto\"><figure class=\"wp-block-media-text__media\"><img loading=\"lazy\" decoding=\"async\" width=\"512\" height=\"442\" src=\"https:\/\/compratumovil.bernat26.es\/wp-content\/uploads\/2025\/10\/cropped-cropped-LOGO-sinfondo.png\" alt=\"\" class=\"wp-image-49 size-full\" srcset=\"https:\/\/compratumovil.bernat26.es\/wp-content\/uploads\/2025\/10\/cropped-cropped-LOGO-sinfondo.png 512w, https:\/\/compratumovil.bernat26.es\/wp-content\/uploads\/2025\/10\/cropped-cropped-LOGO-sinfondo-300x259.png 300w, https:\/\/compratumovil.bernat26.es\/wp-content\/uploads\/2025\/10\/cropped-cropped-LOGO-sinfondo-100x86.png 100w\" sizes=\"auto, (max-width: 512px) 100vw, 512px\" \/><\/figure><div class=\"wp-block-media-text__content\">\n<p class=\"has-black-color has-text-color has-link-color wp-elements-0da728ae04d39642b5f81858f405e392\">En <strong>CompraTuMovil.es<\/strong> nos dedicamos a la venta y reparaci\u00f3n de tel\u00e9fonos m\u00f3viles de todas las marcas. Ofrecemos un servicio r\u00e1pido, profesional y de confianza, utilizando siempre repuestos de alta calidad y garantizando resultados duraderos. <\/p>\n\n\n\n<p class=\"has-black-color has-text-color has-link-color wp-elements-b8a0b8080c5cad2a096126c38ebd8e2e\">Contamos con un equipo t\u00e9cnico experimentado y comprometido con la satisfacci\u00f3n del cliente. Nuestro objetivo es ofrecerte tecnolog\u00eda de \u00faltima generaci\u00f3n, precios competitivos y una atenci\u00f3n personalizada, para que disfrutes siempre del mejor rendimiento en tu dispositivo.<\/p>\n<\/div><\/div>\n\n\n\n<h2 class=\"wp-block-heading has-black-color has-text-color has-link-color wp-elements-dfd648a7f7cf0c54f37e180720e40e9c\" style=\"margin-top:var(--wp--preset--spacing--50);margin-bottom:var(--wp--preset--spacing--50)\">\u00bfCu\u00e1l es nuestro prop\u00f3sito?<\/h2>\n\n\n\n<div class=\"wp-block-uagb-container uagb-block-55bb61fc alignfull uagb-is-root-container\"><div class=\"uagb-container-inner-blocks-wrap\">\n<div class=\"wp-block-uagb-container uagb-block-a6df7e64\">\n<h2 class=\"wp-block-heading has-black-color has-text-color has-link-color wp-elements-7fde4d63a196059a74ec9d4cbc37de05\">Nuestra visi\u00f3n<\/h2>\n\n\n\n<p class=\"has-black-color has-text-color has-link-color wp-elements-897f6d5ab05410eb17659c3c50473074\">En CompraTuMovil queremos convertirnos en un referente dentro del sector de la venta y reparaci\u00f3n de m\u00f3viles, destacando siempre por la confianza, la calidad y la atenci\u00f3n cercana. Trabajamos para que cada persona encuentre en nosotros una soluci\u00f3n tecnol\u00f3gica eficaz y accesible, ofreciendo servicios pensados para facilitar su d\u00eda a d\u00eda. Nuestro objetivo es que cualquier cliente pueda disfrutar de un dispositivo en perfectas condiciones gracias a un trabajo profesional y responsable.<\/p>\n<\/div>\n\n\n\n<div class=\"wp-block-uagb-container uagb-block-8852091d\">\n<h2 class=\"wp-block-heading has-black-color has-text-color has-link-color wp-elements-edf216eaa9d1c99c6ded48d31bf62e30\">Nuestra misi\u00f3n<\/h2>\n\n\n\n<p class=\"has-black-color has-text-color has-link-color wp-elements-e1ba3ba060f28c501810a7aa91e6cc98\">Nuestra misi\u00f3n es ofrecer un servicio profesional, transparente y totalmente adaptado a las necesidades de cada cliente. Nos esforzamos en utilizar materiales de calidad, trabajar con precisi\u00f3n y garantizar resultados duraderos en cada reparaci\u00f3n. En CompraTuMovil, creemos firmemente que la tecnolog\u00eda debe estar al servicio de las personas, y por ello trabajamos con dedicaci\u00f3n para proporcionar soluciones r\u00e1pidas, fiables y accesibles que generen confianza y satisfacci\u00f3n.<\/p>\n<\/div>\n<\/div><\/div>\n","protected":false},"excerpt":{"rendered":"<p>\u00bfQu\u00e9 ofrecemos? Cambio de bater\u00edas Si tu m\u00f3vil se descarga r\u00e1pido o se apaga sin motivo, te ayudamos con nuestro [&hellip;]<\/p>\n","protected":false},"author":1,"featured_media":0,"parent":0,"menu_order":0,"comment_status":"closed","ping_status":"closed","template":"","meta":{"_uag_custom_page_level_css":"","site-sidebar-layout":"default","site-content-layout":"","ast-site-content-layout":"default","site-content-style":"default","site-sidebar-style":"default","ast-global-header-display":"","ast-banner-title-visibility":"","ast-main-header-display":"","ast-hfb-above-header-display":"","ast-hfb-below-header-display":"","ast-hfb-mobile-header-display":"","site-post-title":"disabled","ast-breadcrumbs-content":"","ast-featured-img":"","footer-sml-layout":"","theme-transparent-header-meta":"","adv-header-id-meta":"","stick-header-meta":"","header-above-stick-meta":"","header-main-stick-meta":"","header-below-stick-meta":"","astra-migrate-meta-layouts":"default","ast-page-background-enabled":"default","ast-page-background-meta":{"desktop":{"background-color":"var(--ast-global-color-5)","background-image":"","background-repeat":"repeat","background-position":"center center","background-size":"auto","background-attachment":"scroll","background-type":"","background-media":"","overlay-type":"","overlay-color":"","overlay-opacity":"","overlay-gradient":""},"tablet":{"background-color":"","background-image":"","background-repeat":"repeat","background-position":"center center","background-size":"auto","background-attachment":"scroll","background-type":"","background-media":"","overlay-type":"","overlay-color":"","overlay-opacity":"","overlay-gradient":""},"mobile":{"background-color":"","background-image":"","background-repeat":"repeat","background-position":"center center","background-size":"auto","background-attachment":"scroll","background-type":"","background-media":"","overlay-type":"","overlay-color":"","overlay-opacity":"","overlay-gradient":""}},"ast-content-background-meta":{"desktop":{"background-color":"var(--ast-global-color-4)","background-image":"","background-repeat":"repeat","background-position":"center center","background-size":"auto","background-attachment":"scroll","background-type":"","background-media":"","overlay-type":"","overlay-color":"","overlay-opacity":"","overlay-gradient":""},"tablet":{"background-color":"var(--ast-global-color-4)","background-image":"","background-repeat":"repeat","background-position":"center center","background-size":"auto","background-attachment":"scroll","background-type":"","background-media":"","overlay-type":"","overlay-color":"","overlay-opacity":"","overlay-gradient":""},"mobile":{"background-color":"var(--ast-global-color-4)","background-image":"","background-repeat":"repeat","background-position":"center center","background-size":"auto","background-attachment":"scroll","background-type":"","background-media":"","overlay-type":"","overlay-color":"","overlay-opacity":"","overlay-gradient":""}},"footnotes":""},"class_list":["post-8","page","type-page","status-publish","hentry"],"uagb_featured_image_src":{"full":false,"thumbnail":false,"medium":false,"medium_large":false,"large":false,"1536x1536":false,"2048x2048":false,"woocommerce_thumbnail":false,"woocommerce_single":false,"woocommerce_gallery_thumbnail":false},"uagb_author_info":{"display_name":"admin","author_link":"https:\/\/compratumovil.bernat26.es\/author\/marcmalavefp23"},"uagb_comment_info":0,"uagb_excerpt":"\u00bfQu\u00e9 ofrecemos? Cambio de bater\u00edas Si tu m\u00f3vil se descarga r\u00e1pido o se apaga sin motivo, te ayudamos con nuestro [&hellip;]","_links":{"self":[{"href":"https:\/\/compratumovil.bernat26.es\/index.php?rest_route=\/wp\/v2\/pages\/8","targetHints":{"allow":["GET"]}}],"collection":[{"href":"https:\/\/compratumovil.bernat26.es\/index.php?rest_route=\/wp\/v2\/pages"}],"about":[{"href":"https:\/\/compratumovil.bernat26.es\/index.php?rest_route=\/wp\/v2\/types\/page"}],"author":[{"embeddable":true,"href":"https:\/\/compratumovil.bernat26.es\/index.php?rest_route=\/wp\/v2\/users\/1"}],"replies":[{"embeddable":true,"href":"https:\/\/compratumovil.bernat26.es\/index.php?rest_route=%2Fwp%2Fv2%2Fcomments&post=8"}],"version-history":[{"count":108,"href":"https:\/\/compratumovil.bernat26.es\/index.php?rest_route=\/wp\/v2\/pages\/8\/revisions"}],"predecessor-version":[{"id":480,"href":"https:\/\/compratumovil.bernat26.es\/index.php?rest_route=\/wp\/v2\/pages\/8\/revisions\/480"}],"wp:attachment":[{"href":"https:\/\/compratumovil.bernat26.es\/index.php?rest_route=%2Fwp%2Fv2%2Fmedia&parent=8"}],"curies":[{"name":"wp","href":"https:\/\/api.w.org\/{rel}","templated":true}]}}