{"id":473,"date":"2025-12-01T22:25:22","date_gmt":"2025-12-01T22:25:22","guid":{"rendered":"https:\/\/compratumovil.bernat26.es\/?post_type=product&#038;p=473"},"modified":"2025-12-01T22:28:14","modified_gmt":"2025-12-01T22:28:14","slug":"cambio-de-bateria-para-iphone-samsung-xiaomi-y-mas","status":"publish","type":"product","link":"https:\/\/compratumovil.bernat26.es\/?product=cambio-de-bateria-para-iphone-samsung-xiaomi-y-mas","title":{"rendered":"Cambio de bater\u00eda para iPhone, Samsung, Xiaomi y m\u00e1s"},"content":{"rendered":"<h1 data-start=\"1067\" data-end=\"1165\">Cambio de bater\u00eda para iPhone, Samsung, Xiaomi y otras marcas: recupera la autonom\u00eda de tu m\u00f3vil<\/h1>\n<p data-start=\"1167\" data-end=\"1516\">Si tu smartphone se descarga r\u00e1pidamente, se apaga inesperadamente o no alcanza el rendimiento habitual, es hora de <strong data-start=\"1283\" data-end=\"1305\">cambiar la bater\u00eda<\/strong>. Nuestro servicio profesional de <strong data-start=\"1339\" data-end=\"1419\">cambio de bater\u00eda para iPhone, Samsung, Xiaomi, Huawei, OPPO, Motorola y m\u00e1s<\/strong> garantiza que tu dispositivo funcione como reci\u00e9n salido de f\u00e1brica, con seguridad y eficiencia.<\/p>\n<p data-start=\"1518\" data-end=\"1857\">Usamos repuestos originales o de m\u00e1xima calidad certificados por fabricantes, asegurando que la autonom\u00eda, la carga r\u00e1pida y el rendimiento general del m\u00f3vil no se vean comprometidos. Nuestros t\u00e9cnicos especializados realizan la sustituci\u00f3n siguiendo protocolos seguros y r\u00e1pidos, evitando riesgos de sobrecalentamiento o da\u00f1os internos.<\/p>\n<h2 data-start=\"1864\" data-end=\"1940\">Caracter\u00edsticas principales de nuestro servicio de cambio de bater\u00eda<\/h2>\n<h3 data-start=\"1942\" data-end=\"1984\">Bater\u00edas originales o certificadas<\/h3>\n<p data-start=\"1985\" data-end=\"2187\">Cada bater\u00eda que instalamos cumple con los est\u00e1ndares de los fabricantes y ofrece m\u00e1xima durabilidad, carga segura y rendimiento \u00f3ptimo. Esto es fundamental para prolongar la vida \u00fatil de tu smartphone.<\/p>\n<h3 data-start=\"2189\" data-end=\"2221\">Servicio r\u00e1pido y seguro<\/h3>\n<p data-start=\"2222\" data-end=\"2449\">En la mayor\u00eda de modelos, realizamos el <strong data-start=\"2262\" data-end=\"2302\">cambio de bater\u00eda en menos de 1 hora<\/strong>, permiti\u00e9ndote volver a usar tu m\u00f3vil sin largas esperas. Todos los dispositivos pasan por pruebas de seguridad y rendimiento tras la instalaci\u00f3n.<\/p>\n<h3 data-start=\"2451\" data-end=\"2502\">T\u00e9cnicos especializados en todas las marcas<\/h3>\n<p data-start=\"2503\" data-end=\"2539\">Nuestro equipo tiene experiencia en:<\/p>\n<ul data-start=\"2541\" data-end=\"2723\">\n<li data-start=\"2541\" data-end=\"2580\">\n<p data-start=\"2543\" data-end=\"2580\"><strong data-start=\"2543\" data-end=\"2578\">iPhone (todas las generaciones)<\/strong><\/p>\n<\/li>\n<li data-start=\"2581\" data-end=\"2619\">\n<p data-start=\"2583\" data-end=\"2619\"><strong data-start=\"2583\" data-end=\"2617\">Samsung Galaxy \u2013 A, S, Note, Z<\/strong><\/p>\n<\/li>\n<li data-start=\"2620\" data-end=\"2642\">\n<p data-start=\"2622\" data-end=\"2642\"><strong data-start=\"2622\" data-end=\"2640\">Xiaomi y Redmi<\/strong><\/p>\n<\/li>\n<li data-start=\"2643\" data-end=\"2657\">\n<p data-start=\"2645\" data-end=\"2657\"><strong data-start=\"2645\" data-end=\"2655\">Huawei<\/strong><\/p>\n<\/li>\n<li data-start=\"2658\" data-end=\"2688\">\n<p data-start=\"2660\" data-end=\"2688\"><strong data-start=\"2660\" data-end=\"2686\">OPPO, Realme y OnePlus<\/strong><\/p>\n<\/li>\n<li data-start=\"2689\" data-end=\"2723\">\n<p data-start=\"2691\" data-end=\"2723\"><strong data-start=\"2691\" data-end=\"2723\">Motorola y otros smartphones<\/strong><\/p>\n<\/li>\n<\/ul>\n<h3 data-start=\"2725\" data-end=\"2750\">Garant\u00eda incluida<\/h3>\n<p data-start=\"2751\" data-end=\"2858\">Todas las bater\u00edas nuevas cuentan con garant\u00eda, para que tengas total seguridad y confianza en el servicio.<\/p>\n<h3 data-start=\"2860\" data-end=\"2895\">Diagn\u00f3stico previo gratuito sin compromiso<\/h3>\n<p data-start=\"2896\" data-end=\"3051\">Antes de cambiar la bater\u00eda, realizamos un diagn\u00f3stico completo para asegurarnos de que el problema est\u00e1 en la bater\u00eda y no en otros componentes del m\u00f3vil.<\/p>\n<p data-start=\"2896\" data-end=\"3051\">Contactanos <a href=\"https:\/\/compratumovil.bernat26.es\/?page_id=188\">aqui<\/a><\/p>\n<h2 data-start=\"3058\" data-end=\"3111\">Se\u00f1ales de que necesitas un cambio de bater\u00eda<\/h2>\n<p data-start=\"3113\" data-end=\"3161\">Debes considerar reemplazar la bater\u00eda si notas:<\/p>\n<ul data-start=\"3163\" data-end=\"3393\">\n<li data-start=\"3163\" data-end=\"3202\">\n<p data-start=\"3165\" data-end=\"3202\">Carga que se agota demasiado r\u00e1pido<\/p>\n<\/li>\n<li data-start=\"3203\" data-end=\"3255\">\n<p data-start=\"3205\" data-end=\"3255\">Apagones repentinos incluso con bater\u00eda restante<\/p>\n<\/li>\n<li data-start=\"3256\" data-end=\"3294\">\n<p data-start=\"3258\" data-end=\"3294\">Sobrecalentamiento del dispositivo<\/p>\n<\/li>\n<li data-start=\"3295\" data-end=\"3336\">\n<p data-start=\"3297\" data-end=\"3336\">Hinchaz\u00f3n o deformaci\u00f3n de la bater\u00eda<\/p>\n<\/li>\n<li data-start=\"3337\" data-end=\"3393\">\n<p data-start=\"3339\" data-end=\"3393\">Fallos en la carga o incapacidad de alcanzar el 100%<\/p>\n<\/li>\n<\/ul>\n<p data-start=\"3395\" data-end=\"3470\">Actuar a tiempo evita da\u00f1os mayores y mantiene tu m\u00f3vil en perfecto estado.<\/p>\n<h2 data-start=\"3477\" data-end=\"3526\">\u00bfPor qu\u00e9 cambiar tu bater\u00eda con nosotros?<\/h2>\n<p data-start=\"3528\" data-end=\"3584\">En nuestra tienda de reparaci\u00f3n de m\u00f3viles te ofrecemos:<\/p>\n<h3 data-start=\"3586\" data-end=\"3623\">Experiencia y profesionalidad<\/h3>\n<p data-start=\"3624\" data-end=\"3712\">Miles de bater\u00edas cambiadas con \u00e9xito nos avalan como expertos en reparaci\u00f3n de m\u00f3viles.<\/p>\n<h3 data-start=\"3714\" data-end=\"3746\">Mejor precio garantizado<\/h3>\n<p data-start=\"3747\" data-end=\"3810\">Tarifas claras y competitivas, sin sorpresas ni costes ocultos.<\/p>\n<h3 data-start=\"3812\" data-end=\"3848\">Servicio t\u00e9cnico certificado<\/h3>\n<p data-start=\"3849\" data-end=\"3924\">T\u00e9cnicos formados para cada modelo y marca, con herramientas profesionales.<\/p>\n<h3 data-start=\"3926\" data-end=\"3956\">Atenci\u00f3n personalizada<\/h3>\n<p data-start=\"3957\" data-end=\"4045\">Te orientamos sobre la bater\u00eda m\u00e1s adecuada seg\u00fan la antig\u00fcedad y uso de tu dispositivo.<\/p>\n<h3 data-start=\"4047\" data-end=\"4076\">Seguridad y confianza<\/h3>\n<p data-start=\"4077\" data-end=\"4190\">Reemplazamos la bater\u00eda de forma segura, evitando riesgos de sobrecalentamiento, cortocircuitos o da\u00f1os internos.<\/p>\n<p data-start=\"4077\" data-end=\"4190\">Con nuestro servicio de <strong data-start=\"4221\" data-end=\"4286\">cambio de bater\u00eda para iPhone, Samsung, Xiaomi y otras marcas<\/strong>, tu m\u00f3vil recuperar\u00e1 autonom\u00eda, estabilidad y rendimiento, evitando apagones inesperados y prolongando su vida \u00fatil. Olv\u00eddate de la preocupaci\u00f3n por quedarte sin bater\u00eda a mitad del d\u00eda y disfruta de un dispositivo que funciona como nuevo, con garant\u00eda y atenci\u00f3n profesional.<\/p>\n<h2 data-start=\"175\" data-end=\"243\">Consejos para mantener la bater\u00eda de tu m\u00f3vil en buen estado<\/h2>\n<p data-start=\"245\" data-end=\"375\">Despu\u00e9s de cambiar la bater\u00eda, es importante cuidar su rendimiento para alargar su vida \u00fatil. Algunos consejos pr\u00e1cticos incluyen:<\/p>\n<ul data-start=\"377\" data-end=\"699\">\n<li data-start=\"377\" data-end=\"443\">\n<p data-start=\"379\" data-end=\"443\">Evitar descargar la bater\u00eda completamente de manera frecuente.<\/p>\n<\/li>\n<li data-start=\"444\" data-end=\"508\">\n<p data-start=\"446\" data-end=\"508\">No dejar el m\u00f3vil cargando toda la noche de forma constante.<\/p>\n<\/li>\n<li data-start=\"509\" data-end=\"570\">\n<p data-start=\"511\" data-end=\"570\">Usar cargadores certificados o originales del fabricante.<\/p>\n<\/li>\n<li data-start=\"571\" data-end=\"623\">\n<p data-start=\"573\" data-end=\"623\">Evitar exponer el m\u00f3vil a temperaturas extremas.<\/p>\n<\/li>\n<li data-start=\"624\" data-end=\"699\">\n<p data-start=\"626\" data-end=\"699\">Actualizar el sistema operativo, ya que optimiza la gesti\u00f3n de energ\u00eda.<\/p>\n<\/li>\n<\/ul>\n<p data-start=\"701\" data-end=\"997\">Con estos simples h\u00e1bitos, tu m\u00f3vil conservar\u00e1 una autonom\u00eda \u00f3ptima y evitar\u00e1s degradaci\u00f3n prematura de la bater\u00eda. Nuestro equipo tambi\u00e9n puede asesorarte sobre c\u00f3mo mantener tu dispositivo en perfecto estado y detectar posibles problemas antes de que afecten al rendimiento general del m\u00f3vil.<\/p>\n","protected":false},"excerpt":{"rendered":"<p data-start=\"757\" data-end=\"1007\">Ofrecemos <strong data-start=\"767\" data-end=\"800\">cambio de bater\u00eda profesional<\/strong> para iPhone, Samsung, Xiaomi y otras marcas. Con repuestos originales o de alta calidad, t\u00e9cnicos certificados, garant\u00eda incluida y servicio r\u00e1pido, tu m\u00f3vil recuperar\u00e1 autonom\u00eda y rendimiento como nuevo.<\/p>\n","protected":false},"featured_media":30,"comment_status":"open","ping_status":"closed","template":"","meta":{"_uag_custom_page_level_css":"","site-sidebar-layout":"default","site-content-layout":"","ast-site-content-layout":"default","site-content-style":"default","site-sidebar-style":"default","ast-global-header-display":"","ast-banner-title-visibility":"","ast-main-header-display":"","ast-hfb-above-header-display":"","ast-hfb-below-header-display":"","ast-hfb-mobile-header-display":"","site-post-title":"","ast-breadcrumbs-content":"","ast-featured-img":"","footer-sml-layout":"","theme-transparent-header-meta":"default","adv-header-id-meta":"","stick-header-meta":"","header-above-stick-meta":"","header-main-stick-meta":"","header-below-stick-meta":"","astra-migrate-meta-layouts":"set","ast-page-background-enabled":"default","ast-page-background-meta":{"desktop":{"background-color":"var(--ast-global-color-5)","background-image":"","background-repeat":"repeat","background-position":"center center","background-size":"auto","background-attachment":"scroll","background-type":"","background-media":"","overlay-type":"","overlay-color":"","overlay-opacity":"","overlay-gradient":""},"tablet":{"background-color":"","background-image":"","background-repeat":"repeat","background-position":"center center","background-size":"auto","background-attachment":"scroll","background-type":"","background-media":"","overlay-type":"","overlay-color":"","overlay-opacity":"","overlay-gradient":""},"mobile":{"background-color":"","background-image":"","background-repeat":"repeat","background-position":"center center","background-size":"auto","background-attachment":"scroll","background-type":"","background-media":"","overlay-type":"","overlay-color":"","overlay-opacity":"","overlay-gradient":""}},"ast-content-background-meta":{"desktop":{"background-color":"var(--ast-global-color-4)","background-image":"","background-repeat":"repeat","background-position":"center center","background-size":"auto","background-attachment":"scroll","background-type":"","background-media":"","overlay-type":"","overlay-color":"","overlay-opacity":"","overlay-gradient":""},"tablet":{"background-color":"var(--ast-global-color-4)","background-image":"","background-repeat":"repeat","background-position":"center center","background-size":"auto","background-attachment":"scroll","background-type":"","background-media":"","overlay-type":"","overlay-color":"","overlay-opacity":"","overlay-gradient":""},"mobile":{"background-color":"var(--ast-global-color-4)","background-image":"","background-repeat":"repeat","background-position":"center center","background-size":"auto","background-attachment":"scroll","background-type":"","background-media":"","overlay-type":"","overlay-color":"","overlay-opacity":"","overlay-gradient":""}}},"product_brand":[24,26,25],"product_cat":[28],"product_tag":[],"class_list":{"0":"post-473","1":"product","2":"type-product","3":"status-publish","4":"has-post-thumbnail","6":"product_brand-apple","7":"product_brand-samsung","8":"product_brand-xiaomi","9":"product_cat-reparacion-de-bateria","10":"desktop-align-left","11":"tablet-align-left","12":"mobile-align-left","14":"first","15":"instock","16":"taxable","17":"shipping-taxable","18":"purchasable","19":"product-type-variable"},"uagb_featured_image_src":{"full":["https:\/\/compratumovil.bernat26.es\/wp-content\/uploads\/2025\/10\/no_sm.jpg",1000,1000,false],"thumbnail":["https:\/\/compratumovil.bernat26.es\/wp-content\/uploads\/2025\/10\/no_sm-150x150.jpg",150,150,true],"medium":["https:\/\/compratumovil.bernat26.es\/wp-content\/uploads\/2025\/10\/no_sm-300x300.jpg",300,300,true],"medium_large":["https:\/\/compratumovil.bernat26.es\/wp-content\/uploads\/2025\/10\/no_sm-768x768.jpg",768,768,true],"large":["https:\/\/compratumovil.bernat26.es\/wp-content\/uploads\/2025\/10\/no_sm.jpg",1000,1000,false],"1536x1536":["https:\/\/compratumovil.bernat26.es\/wp-content\/uploads\/2025\/10\/no_sm.jpg",1000,1000,false],"2048x2048":["https:\/\/compratumovil.bernat26.es\/wp-content\/uploads\/2025\/10\/no_sm.jpg",1000,1000,false],"woocommerce_thumbnail":["https:\/\/compratumovil.bernat26.es\/wp-content\/uploads\/2025\/10\/no_sm-300x300.jpg",300,300,true],"woocommerce_single":["https:\/\/compratumovil.bernat26.es\/wp-content\/uploads\/2025\/10\/no_sm-600x600.jpg",600,600,true],"woocommerce_gallery_thumbnail":["https:\/\/compratumovil.bernat26.es\/wp-content\/uploads\/2025\/10\/no_sm-100x100.jpg",100,100,true]},"uagb_author_info":{"display_name":"admin","author_link":"https:\/\/compratumovil.bernat26.es\/author"},"uagb_comment_info":0,"uagb_excerpt":"Ofrecemos cambio de bater\u00eda profesional para iPhone, Samsung, Xiaomi y otras marcas. Con repuestos originales o de alta calidad, t\u00e9cnicos certificados, garant\u00eda incluida y servicio r\u00e1pido, tu m\u00f3vil recuperar\u00e1 autonom\u00eda y rendimiento como nuevo.","_links":{"self":[{"href":"https:\/\/compratumovil.bernat26.es\/index.php?rest_route=\/wp\/v2\/product\/473","targetHints":{"allow":["GET"]}}],"collection":[{"href":"https:\/\/compratumovil.bernat26.es\/index.php?rest_route=\/wp\/v2\/product"}],"about":[{"href":"https:\/\/compratumovil.bernat26.es\/index.php?rest_route=\/wp\/v2\/types\/product"}],"replies":[{"embeddable":true,"href":"https:\/\/compratumovil.bernat26.es\/index.php?rest_route=%2Fwp%2Fv2%2Fcomments&post=473"}],"wp:featuredmedia":[{"embeddable":true,"href":"https:\/\/compratumovil.bernat26.es\/index.php?rest_route=\/wp\/v2\/media\/30"}],"wp:attachment":[{"href":"https:\/\/compratumovil.bernat26.es\/index.php?rest_route=%2Fwp%2Fv2%2Fmedia&parent=473"}],"wp:term":[{"taxonomy":"product_brand","embeddable":true,"href":"https:\/\/compratumovil.bernat26.es\/index.php?rest_route=%2Fwp%2Fv2%2Fproduct_brand&post=473"},{"taxonomy":"product_cat","embeddable":true,"href":"https:\/\/compratumovil.bernat26.es\/index.php?rest_route=%2Fwp%2Fv2%2Fproduct_cat&post=473"},{"taxonomy":"product_tag","embeddable":true,"href":"https:\/\/compratumovil.bernat26.es\/index.php?rest_route=%2Fwp%2Fv2%2Fproduct_tag&post=473"}],"curies":[{"name":"wp","href":"https:\/\/api.w.org\/{rel}","templated":true}]}}